{"id":51,"date":"2024-02-14T18:32:34","date_gmt":"2024-02-14T17:32:34","guid":{"rendered":"https:\/\/lamehetrais.fr\/index.php\/thank-you\/"},"modified":"2024-02-29T19:15:43","modified_gmt":"2024-02-29T18:15:43","slug":"thank-you","status":"publish","type":"page","link":"https:\/\/lamehetrais.fr\/index.php\/thank-you\/","title":{"rendered":"Avis"},"content":{"rendered":"<ol class=\"has-avatars has-dates has-excerpts wp-block-latest-comments\"><li class=\"wp-block-latest-comments__comment\"><img alt='' src='https:\/\/secure.gravatar.com\/avatar\/1ce4f78d924c19fef614459a416bfcb24df798d10c87f690204f3e7d37706c46?s=48&#038;d=mm&#038;r=g' srcset='https:\/\/secure.gravatar.com\/avatar\/1ce4f78d924c19fef614459a416bfcb24df798d10c87f690204f3e7d37706c46?s=96&#038;d=mm&#038;r=g 2x' class='avatar avatar-48 photo wp-block-latest-comments__comment-avatar' height='48' width='48' \/><article><footer class=\"wp-block-latest-comments__comment-meta\"><span class=\"wp-block-latest-comments__comment-author\">Stercky<\/span> on <a class=\"wp-block-latest-comments__comment-link\" href=\"https:\/\/lamehetrais.fr\/index.php\/thank-you\/#comment-2\">Avis<\/a><time datetime=\"2024-07-18T18:08:24+02:00\" class=\"wp-block-latest-comments__comment-date\">18 July 2024<\/time><\/footer><div class=\"wp-block-latest-comments__comment-excerpt\"><p>Nous avons pass\u00e9 trois jours pour visiter cette belle r\u00e9gion et l incontournable Mont st Michel. Tr\u00e8s bien accueillis dans&hellip;<\/p>\n<\/div><\/article><\/li><li class=\"wp-block-latest-comments__comment\"><img alt='' src='https:\/\/secure.gravatar.com\/avatar\/481120b173a63ea2fe3525ca5b7d9416d4556fa8b2046f7280de181c42dee5da?s=48&#038;d=mm&#038;r=g' srcset='https:\/\/secure.gravatar.com\/avatar\/481120b173a63ea2fe3525ca5b7d9416d4556fa8b2046f7280de181c42dee5da?s=96&#038;d=mm&#038;r=g 2x' class='avatar avatar-48 photo wp-block-latest-comments__comment-avatar' height='48' width='48' \/><article><footer class=\"wp-block-latest-comments__comment-meta\"><span class=\"wp-block-latest-comments__comment-author\">Le Brun<\/span> on <a class=\"wp-block-latest-comments__comment-link\" href=\"https:\/\/lamehetrais.fr\/index.php\/thank-you\/#comment-1\">Avis<\/a><time datetime=\"2024-07-18T17:58:24+02:00\" class=\"wp-block-latest-comments__comment-date\">18 July 2024<\/time><\/footer><div class=\"wp-block-latest-comments__comment-excerpt\"><p>Tr\u00e8s bel endroit, au calme. La propri\u00e9taire est accueillante et arrangeante. La chambre est grande, le petit plus, bouilloire, caf\u00e9&hellip;<\/p>\n<\/div><\/article><\/li><\/ol>","protected":false},"excerpt":{"rendered":"","protected":false},"author":1,"featured_media":0,"parent":0,"menu_order":4,"comment_status":"open","ping_status":"closed","template":"","meta":{"site-sidebar-layout":"default","site-content-layout":"","ast-site-content-layout":"","site-content-style":"default","site-sidebar-style":"default","ast-global-header-display":"","ast-banner-title-visibility":"","ast-main-header-display":"","ast-hfb-above-header-display":"","ast-hfb-below-header-display":"","ast-hfb-mobile-header-display":"","site-post-title":"","ast-breadcrumbs-content":"","ast-featured-img":"","footer-sml-layout":"","theme-transparent-header-meta":"","adv-header-id-meta":"","stick-header-meta":"","header-above-stick-meta":"","header-main-stick-meta":"","header-below-stick-meta":"","astra-migrate-meta-layouts":"default","ast-page-background-enabled":"default","ast-page-background-meta":{"desktop":{"background-color":"var(--ast-global-color-4)","background-image":"","background-repeat":"repeat","background-position":"center center","background-size":"auto","background-attachment":"scroll","background-type":"","background-media":"","overlay-type":"","overlay-color":"","overlay-gradient":""},"tablet":{"background-color":"","background-image":"","background-repeat":"repeat","background-position":"center center","background-size":"auto","background-attachment":"scroll","background-type":"","background-media":"","overlay-type":"","overlay-color":"","overlay-gradient":""},"mobile":{"background-color":"","background-image":"","background-repeat":"repeat","background-position":"center center","background-size":"auto","background-attachment":"scroll","background-type":"","background-media":"","overlay-type":"","overlay-color":"","overlay-gradient":""}},"ast-content-background-meta":{"desktop":{"background-color":"var(--ast-global-color-5)","background-image":"","background-repeat":"repeat","background-position":"center center","background-size":"auto","background-attachment":"scroll","background-type":"","background-media":"","overlay-type":"","overlay-color":"","overlay-gradient":""},"tablet":{"background-color":"var(--ast-global-color-5)","background-image":"","background-repeat":"repeat","background-position":"center center","background-size":"auto","background-attachment":"scroll","background-type":"","background-media":"","overlay-type":"","overlay-color":"","overlay-gradient":""},"mobile":{"background-color":"var(--ast-global-color-5)","background-image":"","background-repeat":"repeat","background-position":"center center","background-size":"auto","background-attachment":"scroll","background-type":"","background-media":"","overlay-type":"","overlay-color":"","overlay-gradient":""}},"footnotes":""},"class_list":["post-51","page","type-page","status-publish","hentry"],"yoast_head":"<!-- This site is optimized with the Yoast SEO plugin v22.1 - https:\/\/yoast.com\/wordpress\/plugins\/seo\/ -->\n<title>Avis - La M\u00e9h\u00e9trais<\/title>\n<meta name=\"robots\" content=\"index, follow, max-snippet:-1, max-image-preview:large, max-video-preview:-1\" \/>\n<link rel=\"canonical\" href=\"https:\/\/lamehetrais.fr\/index.php\/thank-you\/\" \/>\n<meta property=\"og:locale\" content=\"en_US\" \/>\n<meta property=\"og:type\" content=\"article\" \/>\n<meta property=\"og:title\" content=\"Avis - La M\u00e9h\u00e9trais\" \/>\n<meta property=\"og:url\" content=\"https:\/\/lamehetrais.fr\/index.php\/thank-you\/\" \/>\n<meta property=\"og:site_name\" content=\"La M\u00e9h\u00e9trais\" \/>\n<meta property=\"article:modified_time\" content=\"2024-02-29T18:15:43+00:00\" \/>\n<meta name=\"twitter:card\" content=\"summary_large_image\" \/>\n<script type=\"application\/ld+json\" class=\"yoast-schema-graph\">{\"@context\":\"https:\/\/schema.org\",\"@graph\":[{\"@type\":\"WebPage\",\"@id\":\"https:\/\/lamehetrais.fr\/index.php\/thank-you\/\",\"url\":\"https:\/\/lamehetrais.fr\/index.php\/thank-you\/\",\"name\":\"Avis - La M\u00e9h\u00e9trais\",\"isPartOf\":{\"@id\":\"https:\/\/lamehetrais.fr\/#website\"},\"datePublished\":\"2024-02-14T17:32:34+00:00\",\"dateModified\":\"2024-02-29T18:15:43+00:00\",\"breadcrumb\":{\"@id\":\"https:\/\/lamehetrais.fr\/index.php\/thank-you\/#breadcrumb\"},\"inLanguage\":\"en-US\",\"potentialAction\":[{\"@type\":\"ReadAction\",\"target\":[\"https:\/\/lamehetrais.fr\/index.php\/thank-you\/\"]}]},{\"@type\":\"BreadcrumbList\",\"@id\":\"https:\/\/lamehetrais.fr\/index.php\/thank-you\/#breadcrumb\",\"itemListElement\":[{\"@type\":\"ListItem\",\"position\":1,\"name\":\"Accueil\",\"item\":\"https:\/\/lamehetrais.fr\/\"},{\"@type\":\"ListItem\",\"position\":2,\"name\":\"Avis\"}]},{\"@type\":\"WebSite\",\"@id\":\"https:\/\/lamehetrais.fr\/#website\",\"url\":\"https:\/\/lamehetrais.fr\/\",\"name\":\"La M\u00e9h\u00e9trais\",\"description\":\"\",\"publisher\":{\"@id\":\"https:\/\/lamehetrais.fr\/#organization\"},\"potentialAction\":[{\"@type\":\"SearchAction\",\"target\":{\"@type\":\"EntryPoint\",\"urlTemplate\":\"https:\/\/lamehetrais.fr\/?s={search_term_string}\"},\"query-input\":\"required name=search_term_string\"}],\"inLanguage\":\"en-US\"},{\"@type\":\"Organization\",\"@id\":\"https:\/\/lamehetrais.fr\/#organization\",\"name\":\"La M\u00e9h\u00e9trais\",\"url\":\"https:\/\/lamehetrais.fr\/\",\"logo\":{\"@type\":\"ImageObject\",\"inLanguage\":\"en-US\",\"@id\":\"https:\/\/lamehetrais.fr\/#\/schema\/logo\/image\/\",\"url\":\"https:\/\/lamehetrais.fr\/wp-content\/uploads\/2024\/02\/5321016208810689731.jpg\",\"contentUrl\":\"https:\/\/lamehetrais.fr\/wp-content\/uploads\/2024\/02\/5321016208810689731.jpg\",\"width\":1280,\"height\":960,\"caption\":\"La M\u00e9h\u00e9trais\"},\"image\":{\"@id\":\"https:\/\/lamehetrais.fr\/#\/schema\/logo\/image\/\"}}]}<\/script>\n<!-- \/ Yoast SEO plugin. -->","yoast_head_json":{"title":"Avis - La M\u00e9h\u00e9trais","robots":{"index":"index","follow":"follow","max-snippet":"max-snippet:-1","max-image-preview":"max-image-preview:large","max-video-preview":"max-video-preview:-1"},"canonical":"https:\/\/lamehetrais.fr\/index.php\/thank-you\/","og_locale":"en_US","og_type":"article","og_title":"Avis - La M\u00e9h\u00e9trais","og_url":"https:\/\/lamehetrais.fr\/index.php\/thank-you\/","og_site_name":"La M\u00e9h\u00e9trais","article_modified_time":"2024-02-29T18:15:43+00:00","twitter_card":"summary_large_image","schema":{"@context":"https:\/\/schema.org","@graph":[{"@type":"WebPage","@id":"https:\/\/lamehetrais.fr\/index.php\/thank-you\/","url":"https:\/\/lamehetrais.fr\/index.php\/thank-you\/","name":"Avis - La M\u00e9h\u00e9trais","isPartOf":{"@id":"https:\/\/lamehetrais.fr\/#website"},"datePublished":"2024-02-14T17:32:34+00:00","dateModified":"2024-02-29T18:15:43+00:00","breadcrumb":{"@id":"https:\/\/lamehetrais.fr\/index.php\/thank-you\/#breadcrumb"},"inLanguage":"en-US","potentialAction":[{"@type":"ReadAction","target":["https:\/\/lamehetrais.fr\/index.php\/thank-you\/"]}]},{"@type":"BreadcrumbList","@id":"https:\/\/lamehetrais.fr\/index.php\/thank-you\/#breadcrumb","itemListElement":[{"@type":"ListItem","position":1,"name":"Accueil","item":"https:\/\/lamehetrais.fr\/"},{"@type":"ListItem","position":2,"name":"Avis"}]},{"@type":"WebSite","@id":"https:\/\/lamehetrais.fr\/#website","url":"https:\/\/lamehetrais.fr\/","name":"La M\u00e9h\u00e9trais","description":"","publisher":{"@id":"https:\/\/lamehetrais.fr\/#organization"},"potentialAction":[{"@type":"SearchAction","target":{"@type":"EntryPoint","urlTemplate":"https:\/\/lamehetrais.fr\/?s={search_term_string}"},"query-input":"required name=search_term_string"}],"inLanguage":"en-US"},{"@type":"Organization","@id":"https:\/\/lamehetrais.fr\/#organization","name":"La M\u00e9h\u00e9trais","url":"https:\/\/lamehetrais.fr\/","logo":{"@type":"ImageObject","inLanguage":"en-US","@id":"https:\/\/lamehetrais.fr\/#\/schema\/logo\/image\/","url":"https:\/\/lamehetrais.fr\/wp-content\/uploads\/2024\/02\/5321016208810689731.jpg","contentUrl":"https:\/\/lamehetrais.fr\/wp-content\/uploads\/2024\/02\/5321016208810689731.jpg","width":1280,"height":960,"caption":"La M\u00e9h\u00e9trais"},"image":{"@id":"https:\/\/lamehetrais.fr\/#\/schema\/logo\/image\/"}}]}},"_links":{"self":[{"href":"https:\/\/lamehetrais.fr\/index.php\/wp-json\/wp\/v2\/pages\/51","targetHints":{"allow":["GET"]}}],"collection":[{"href":"https:\/\/lamehetrais.fr\/index.php\/wp-json\/wp\/v2\/pages"}],"about":[{"href":"https:\/\/lamehetrais.fr\/index.php\/wp-json\/wp\/v2\/types\/page"}],"author":[{"embeddable":true,"href":"https:\/\/lamehetrais.fr\/index.php\/wp-json\/wp\/v2\/users\/1"}],"replies":[{"embeddable":true,"href":"https:\/\/lamehetrais.fr\/index.php\/wp-json\/wp\/v2\/comments?post=51"}],"version-history":[{"count":2,"href":"https:\/\/lamehetrais.fr\/index.php\/wp-json\/wp\/v2\/pages\/51\/revisions"}],"predecessor-version":[{"id":188,"href":"https:\/\/lamehetrais.fr\/index.php\/wp-json\/wp\/v2\/pages\/51\/revisions\/188"}],"wp:attachment":[{"href":"https:\/\/lamehetrais.fr\/index.php\/wp-json\/wp\/v2\/media?parent=51"}],"curies":[{"name":"wp","href":"https:\/\/api.w.org\/{rel}","templated":true}]}}