{"id":31,"date":"2024-02-14T18:52:58","date_gmt":"2024-02-14T17:52:58","guid":{"rendered":"https:\/\/lamehetrais.fr\/?page_id=31"},"modified":"2024-11-15T15:40:24","modified_gmt":"2024-11-15T14:40:24","slug":"accueil","status":"publish","type":"page","link":"https:\/\/lamehetrais.fr\/","title":{"rendered":"Domaine de la M\u00e9h\u00e9trais"},"content":{"rendered":"\n<h2 class=\"wp-block-heading\">Chambres et G\u00eete<\/h2>\n\n\n\n<div class=\"wp-block-columns alignfull is-layout-flex wp-container-core-columns-is-layout-28f84493 wp-block-columns-is-layout-flex\">\n<div class=\"wp-block-column has-gradient-4-gradient-background has-background is-layout-flow wp-block-column-is-layout-flow\">\n<figure class=\"wp-block-image aligncenter size-large has-custom-border wp-duotone-unset-1\"><img loading=\"lazy\" decoding=\"async\" width=\"1024\" height=\"768\" src=\"http:\/\/lamehetrais.fr\/wp-content\/uploads\/2024\/02\/5321016208810689731-1024x768.jpg\" alt=\"\" class=\"wp-image-132\" style=\"border-width:4px;border-radius:12px\" srcset=\"https:\/\/lamehetrais.fr\/wp-content\/uploads\/2024\/02\/5321016208810689731-1024x768.jpg 1024w, https:\/\/lamehetrais.fr\/wp-content\/uploads\/2024\/02\/5321016208810689731-300x225.jpg 300w, https:\/\/lamehetrais.fr\/wp-content\/uploads\/2024\/02\/5321016208810689731-768x576.jpg 768w, https:\/\/lamehetrais.fr\/wp-content\/uploads\/2024\/02\/5321016208810689731.jpg 1280w\" sizes=\"auto, (max-width: 1024px) 100vw, 1024px\" \/><\/figure>\n<\/div>\n<\/div>\n\n\n\n<p><strong>Pour toute r\u00e9servation<\/strong>, n&#8217;h\u00e9sitez pas \u00e0 me contacter via le site, ou par t\u00e9l\u00e9phone au 06.22.03.63.01. Je vous confirmerais les disponibilit\u00e9s et modalit\u00e9s de r\u00e8glement. R\u00e8glement par ch\u00e8que ou esp\u00e8ce, un ch\u00e8que de caution sera demand\u00e9 pour le g\u00eete.<\/p>\n\n\n\n<div class=\"wp-block-columns is-layout-flex wp-container-core-columns-is-layout-28f84493 wp-block-columns-is-layout-flex\">\n<div class=\"wp-block-column is-layout-flow wp-block-column-is-layout-flow\">\n<p>La propri\u00e9t\u00e9 de la M\u00e9h\u00e9trais se situe \u00e0 8 km de Foug\u00e8res en pleine nature, sur 4,5 h de terrain, sans voisin ni visa \u00e0 vis. Pour acc\u00e9der aux b\u00e2timents  dat\u00e9s  du 18 \u00e8me si\u00e8cle, vous emprunterez un petit chemin, \u00e0 travers les champs.<\/p>\n\n\n\n<p><\/p>\n<\/div>\n\n\n\n<div class=\"wp-block-column is-layout-flow wp-block-column-is-layout-flow\">\n<figure class=\"wp-block-image size-large has-custom-border\"><img loading=\"lazy\" decoding=\"async\" width=\"1024\" height=\"768\" src=\"http:\/\/lamehetrais.fr\/wp-content\/uploads\/2024\/02\/IMG_20220403_181402-1024x768.jpg\" alt=\"\" class=\"wp-image-32\" style=\"border-width:4px;border-radius:12px\" srcset=\"https:\/\/lamehetrais.fr\/wp-content\/uploads\/2024\/02\/IMG_20220403_181402-1024x768.jpg 1024w, https:\/\/lamehetrais.fr\/wp-content\/uploads\/2024\/02\/IMG_20220403_181402-300x225.jpg 300w, https:\/\/lamehetrais.fr\/wp-content\/uploads\/2024\/02\/IMG_20220403_181402-768x576.jpg 768w, https:\/\/lamehetrais.fr\/wp-content\/uploads\/2024\/02\/IMG_20220403_181402-1536x1152.jpg 1536w, https:\/\/lamehetrais.fr\/wp-content\/uploads\/2024\/02\/IMG_20220403_181402-2048x1536.jpg 2048w\" sizes=\"auto, (max-width: 1024px) 100vw, 1024px\" \/><\/figure>\n<\/div>\n<\/div>\n\n\n\n<div class=\"wp-block-columns is-layout-flex wp-container-core-columns-is-layout-28f84493 wp-block-columns-is-layout-flex\">\n<div class=\"wp-block-column is-layout-flow wp-block-column-is-layout-flow\">\n<figure class=\"wp-block-image size-large has-custom-border\"><img loading=\"lazy\" decoding=\"async\" width=\"1024\" height=\"768\" src=\"http:\/\/lamehetrais.fr\/wp-content\/uploads\/2024\/02\/IMG_20220606_161005-1024x768.jpg\" alt=\"\" class=\"wp-image-98\" style=\"border-width:4px;border-radius:12px\" srcset=\"https:\/\/lamehetrais.fr\/wp-content\/uploads\/2024\/02\/IMG_20220606_161005-1024x768.jpg 1024w, https:\/\/lamehetrais.fr\/wp-content\/uploads\/2024\/02\/IMG_20220606_161005-300x225.jpg 300w, https:\/\/lamehetrais.fr\/wp-content\/uploads\/2024\/02\/IMG_20220606_161005-768x576.jpg 768w, https:\/\/lamehetrais.fr\/wp-content\/uploads\/2024\/02\/IMG_20220606_161005-1536x1152.jpg 1536w, https:\/\/lamehetrais.fr\/wp-content\/uploads\/2024\/02\/IMG_20220606_161005-2048x1536.jpg 2048w\" sizes=\"auto, (max-width: 1024px) 100vw, 1024px\" \/><\/figure>\n<\/div>\n\n\n\n<div class=\"wp-block-column is-layout-flow wp-block-column-is-layout-flow\">\n<p>Le domaine accueille des animaux toute l&#8217;ann\u00e9e. En toute saison vous pourrez apercevoir les chats Ch\u00e2taigne, Suzie et Biscotte, accompagn\u00e9s de Appa, le chien de la maison.<\/p>\n\n\n\n<p>L&#8217;\u00e9t\u00e9, les vaches Marguerites nous sont confi\u00e9es pour patienter tranquillement avant qu&#8217;elles ne mettent bas. Pour vous comme pour elle, la tranquillit\u00e9 est de rigueur.<\/p>\n\n\n\n<p>Pour la sant\u00e9 de nos animaux, aucune nourriture ne doit \u00eatre donn\u00e9e sans notre accord, Merci de votre compr\u00e9hension.<\/p>\n\n\n\n<p><\/p>\n\n\n\n<p><\/p>\n<\/div>\n<\/div>\n\n\n\n<p><\/p>\n\n\n\n<p>Acc\u00e8s Wifi gratuit<\/p>\n\n\n\n<div class=\"wp-block-group is-layout-constrained wp-block-group-is-layout-constrained\">\n<figure class=\"wp-block-gallery has-nested-images columns-default is-cropped wp-block-gallery-2 is-layout-flex wp-block-gallery-is-layout-flex\">\n<figure class=\"wp-block-image size-large\"><img loading=\"lazy\" decoding=\"async\" width=\"1928\" height=\"2560\" data-id=\"259\" src=\"https:\/\/lamehetrais.fr\/wp-content\/uploads\/2024\/04\/IMG_20240402_081626-1-scaled.jpg\" alt=\"\" class=\"wp-image-259\" srcset=\"https:\/\/lamehetrais.fr\/wp-content\/uploads\/2024\/04\/IMG_20240402_081626-1-scaled.jpg 1928w, https:\/\/lamehetrais.fr\/wp-content\/uploads\/2024\/04\/IMG_20240402_081626-1-226x300.jpg 226w\" sizes=\"auto, (max-width: 1928px) 100vw, 1928px\" \/><\/figure>\n\n\n\n<figure class=\"wp-block-image size-large\"><img loading=\"lazy\" decoding=\"async\" width=\"771\" height=\"1024\" data-id=\"260\" src=\"https:\/\/lamehetrais.fr\/wp-content\/uploads\/2024\/04\/IMG_20240330_120130-1-771x1024.jpg\" alt=\"\" class=\"wp-image-260\" srcset=\"https:\/\/lamehetrais.fr\/wp-content\/uploads\/2024\/04\/IMG_20240330_120130-1-771x1024.jpg 771w, https:\/\/lamehetrais.fr\/wp-content\/uploads\/2024\/04\/IMG_20240330_120130-1-226x300.jpg 226w, https:\/\/lamehetrais.fr\/wp-content\/uploads\/2024\/04\/IMG_20240330_120130-1-768x1020.jpg 768w, https:\/\/lamehetrais.fr\/wp-content\/uploads\/2024\/04\/IMG_20240330_120130-1-1157x1536.jpg 1157w, https:\/\/lamehetrais.fr\/wp-content\/uploads\/2024\/04\/IMG_20240330_120130-1-1542x2048.jpg 1542w, https:\/\/lamehetrais.fr\/wp-content\/uploads\/2024\/04\/IMG_20240330_120130-1-scaled.jpg 1928w\" sizes=\"auto, (max-width: 771px) 100vw, 771px\" \/><\/figure>\n\n\n\n<figure class=\"wp-block-image size-large\"><img loading=\"lazy\" decoding=\"async\" width=\"771\" height=\"1024\" data-id=\"257\" src=\"https:\/\/lamehetrais.fr\/wp-content\/uploads\/2024\/04\/IMG_20240331_070349-1-771x1024.jpg\" alt=\"\" class=\"wp-image-257\" srcset=\"https:\/\/lamehetrais.fr\/wp-content\/uploads\/2024\/04\/IMG_20240331_070349-1-771x1024.jpg 771w, https:\/\/lamehetrais.fr\/wp-content\/uploads\/2024\/04\/IMG_20240331_070349-1-226x300.jpg 226w, https:\/\/lamehetrais.fr\/wp-content\/uploads\/2024\/04\/IMG_20240331_070349-1-768x1020.jpg 768w, https:\/\/lamehetrais.fr\/wp-content\/uploads\/2024\/04\/IMG_20240331_070349-1-scaled.jpg 1928w\" sizes=\"auto, (max-width: 771px) 100vw, 771px\" \/><\/figure>\n<\/figure>\n<\/div>\n\n\n\n<div class=\"wp-block-group is-nowrap is-layout-flex wp-container-core-group-is-layout-6c531013 wp-block-group-is-layout-flex\">\n<figure class=\"wp-block-gallery has-nested-images columns-default is-cropped wp-block-gallery-3 is-layout-flex wp-block-gallery-is-layout-flex\">\n<figure class=\"wp-block-image size-large\"><img loading=\"lazy\" decoding=\"async\" width=\"1024\" height=\"771\" data-id=\"262\" src=\"https:\/\/lamehetrais.fr\/wp-content\/uploads\/2024\/04\/IMG_20240331_073250-1-1024x771.jpg\" alt=\"\" class=\"wp-image-262\" srcset=\"https:\/\/lamehetrais.fr\/wp-content\/uploads\/2024\/04\/IMG_20240331_073250-1-1024x771.jpg 1024w, https:\/\/lamehetrais.fr\/wp-content\/uploads\/2024\/04\/IMG_20240331_073250-1-300x226.jpg 300w, https:\/\/lamehetrais.fr\/wp-content\/uploads\/2024\/04\/IMG_20240331_073250-1-768x578.jpg 768w, https:\/\/lamehetrais.fr\/wp-content\/uploads\/2024\/04\/IMG_20240331_073250-1-1536x1157.jpg 1536w, https:\/\/lamehetrais.fr\/wp-content\/uploads\/2024\/04\/IMG_20240331_073250-1-2048x1542.jpg 2048w\" sizes=\"auto, (max-width: 1024px) 100vw, 1024px\" \/><\/figure>\n\n\n\n<figure class=\"wp-block-image size-large\"><img loading=\"lazy\" decoding=\"async\" width=\"771\" height=\"1024\" data-id=\"261\" src=\"https:\/\/lamehetrais.fr\/wp-content\/uploads\/2024\/04\/IMG_20240331_073333-1-771x1024.jpg\" alt=\"\" class=\"wp-image-261\" srcset=\"https:\/\/lamehetrais.fr\/wp-content\/uploads\/2024\/04\/IMG_20240331_073333-1-771x1024.jpg 771w, https:\/\/lamehetrais.fr\/wp-content\/uploads\/2024\/04\/IMG_20240331_073333-1-226x300.jpg 226w, https:\/\/lamehetrais.fr\/wp-content\/uploads\/2024\/04\/IMG_20240331_073333-1-768x1020.jpg 768w, https:\/\/lamehetrais.fr\/wp-content\/uploads\/2024\/04\/IMG_20240331_073333-1-1157x1536.jpg 1157w, https:\/\/lamehetrais.fr\/wp-content\/uploads\/2024\/04\/IMG_20240331_073333-1-1542x2048.jpg 1542w, https:\/\/lamehetrais.fr\/wp-content\/uploads\/2024\/04\/IMG_20240331_073333-1-scaled.jpg 1928w\" sizes=\"auto, (max-width: 771px) 100vw, 771px\" \/><\/figure>\n<\/figure>\n<\/div>\n\n\n\n<p>Petit d\u00e9jeuner en suppl\u00e9ment. A commander la veille de la r\u00e9servation : 8 euros par personne<\/p>\n\n\n","protected":false},"excerpt":{"rendered":"<p>Chambres et G\u00eete Pour toute r\u00e9servation, n&#8217;h\u00e9sitez pas \u00e0 me contacter via le site, ou par t\u00e9l\u00e9phone au 06.22.03.63.01. Je [&hellip;]<\/p>\n","protected":false},"author":1,"featured_media":0,"parent":0,"menu_order":0,"comment_status":"closed","ping_status":"closed","template":"","meta":{"site-sidebar-layout":"default","site-content-layout":"","ast-site-content-layout":"","site-content-style":"default","site-sidebar-style":"default","ast-global-header-display":"","ast-banner-title-visibility":"","ast-main-header-display":"","ast-hfb-above-header-display":"","ast-hfb-below-header-display":"","ast-hfb-mobile-header-display":"","site-post-title":"","ast-breadcrumbs-content":"","ast-featured-img":"","footer-sml-layout":"","theme-transparent-header-meta":"","adv-header-id-meta":"","stick-header-meta":"","header-above-stick-meta":"","header-main-stick-meta":"","header-below-stick-meta":"","astra-migrate-meta-layouts":"default","ast-page-background-enabled":"default","ast-page-background-meta":{"desktop":{"background-color":"var(--ast-global-color-4)","background-image":"","background-repeat":"repeat","background-position":"center center","background-size":"auto","background-attachment":"scroll","background-type":"","background-media":"","overlay-type":"","overlay-color":"","overlay-gradient":""},"tablet":{"background-color":"","background-image":"","background-repeat":"repeat","background-position":"center center","background-size":"auto","background-attachment":"scroll","background-type":"","background-media":"","overlay-type":"","overlay-color":"","overlay-gradient":""},"mobile":{"background-color":"","background-image":"","background-repeat":"repeat","background-position":"center center","background-size":"auto","background-attachment":"scroll","background-type":"","background-media":"","overlay-type":"","overlay-color":"","overlay-gradient":""}},"ast-content-background-meta":{"desktop":{"background-color":"var(--ast-global-color-5)","background-image":"","background-repeat":"repeat","background-position":"center center","background-size":"auto","background-attachment":"scroll","background-type":"","background-media":"","overlay-type":"","overlay-color":"","overlay-gradient":""},"tablet":{"background-color":"var(--ast-global-color-5)","background-image":"","background-repeat":"repeat","background-position":"center center","background-size":"auto","background-attachment":"scroll","background-type":"","background-media":"","overlay-type":"","overlay-color":"","overlay-gradient":""},"mobile":{"background-color":"var(--ast-global-color-5)","background-image":"","background-repeat":"repeat","background-position":"center center","background-size":"auto","background-attachment":"scroll","background-type":"","background-media":"","overlay-type":"","overlay-color":"","overlay-gradient":""}},"footnotes":""},"class_list":["post-31","page","type-page","status-publish","hentry"],"yoast_head":"<!-- This site is optimized with the Yoast SEO plugin v22.1 - https:\/\/yoast.com\/wordpress\/plugins\/seo\/ -->\n<title>Domaine de la M\u00e9h\u00e9trais - La M\u00e9h\u00e9trais<\/title>\n<meta name=\"robots\" content=\"index, follow, max-snippet:-1, max-image-preview:large, max-video-preview:-1\" \/>\n<link rel=\"canonical\" href=\"https:\/\/lamehetrais.fr\/\" \/>\n<meta property=\"og:locale\" content=\"en_US\" \/>\n<meta property=\"og:type\" content=\"article\" \/>\n<meta property=\"og:title\" content=\"Domaine de la M\u00e9h\u00e9trais - La M\u00e9h\u00e9trais\" \/>\n<meta property=\"og:description\" content=\"Chambres et G\u00eete Pour toute r\u00e9servation, n&#8217;h\u00e9sitez pas \u00e0 me contacter via le site, ou par t\u00e9l\u00e9phone au 06.22.03.63.01. Je [&hellip;]\" \/>\n<meta property=\"og:url\" content=\"https:\/\/lamehetrais.fr\/\" \/>\n<meta property=\"og:site_name\" content=\"La M\u00e9h\u00e9trais\" \/>\n<meta property=\"article:modified_time\" content=\"2024-11-15T14:40:24+00:00\" \/>\n<meta property=\"og:image\" content=\"http:\/\/lamehetrais.fr\/wp-content\/uploads\/2024\/02\/5321016208810689731-1024x768.jpg\" \/>\n<meta name=\"twitter:card\" content=\"summary_large_image\" \/>\n<meta name=\"twitter:label1\" content=\"Est. reading time\" \/>\n\t<meta name=\"twitter:data1\" content=\"3 minutes\" \/>\n<script type=\"application\/ld+json\" class=\"yoast-schema-graph\">{\"@context\":\"https:\/\/schema.org\",\"@graph\":[{\"@type\":\"WebPage\",\"@id\":\"https:\/\/lamehetrais.fr\/\",\"url\":\"https:\/\/lamehetrais.fr\/\",\"name\":\"Domaine de la M\u00e9h\u00e9trais - La M\u00e9h\u00e9trais\",\"isPartOf\":{\"@id\":\"https:\/\/lamehetrais.fr\/#website\"},\"datePublished\":\"2024-02-14T17:52:58+00:00\",\"dateModified\":\"2024-11-15T14:40:24+00:00\",\"breadcrumb\":{\"@id\":\"https:\/\/lamehetrais.fr\/#breadcrumb\"},\"inLanguage\":\"en-US\",\"potentialAction\":[{\"@type\":\"ReadAction\",\"target\":[\"https:\/\/lamehetrais.fr\/\"]}]},{\"@type\":\"BreadcrumbList\",\"@id\":\"https:\/\/lamehetrais.fr\/#breadcrumb\",\"itemListElement\":[{\"@type\":\"ListItem\",\"position\":1,\"name\":\"Accueil\",\"item\":\"https:\/\/lamehetrais.fr\/\"},{\"@type\":\"ListItem\",\"position\":2,\"name\":\"Domaine de la M\u00e9h\u00e9trais\"}]},{\"@type\":\"WebSite\",\"@id\":\"https:\/\/lamehetrais.fr\/#website\",\"url\":\"https:\/\/lamehetrais.fr\/\",\"name\":\"La M\u00e9h\u00e9trais\",\"description\":\"\",\"publisher\":{\"@id\":\"https:\/\/lamehetrais.fr\/#organization\"},\"potentialAction\":[{\"@type\":\"SearchAction\",\"target\":{\"@type\":\"EntryPoint\",\"urlTemplate\":\"https:\/\/lamehetrais.fr\/?s={search_term_string}\"},\"query-input\":\"required name=search_term_string\"}],\"inLanguage\":\"en-US\"},{\"@type\":\"Organization\",\"@id\":\"https:\/\/lamehetrais.fr\/#organization\",\"name\":\"La M\u00e9h\u00e9trais\",\"url\":\"https:\/\/lamehetrais.fr\/\",\"logo\":{\"@type\":\"ImageObject\",\"inLanguage\":\"en-US\",\"@id\":\"https:\/\/lamehetrais.fr\/#\/schema\/logo\/image\/\",\"url\":\"https:\/\/lamehetrais.fr\/wp-content\/uploads\/2024\/02\/5321016208810689731.jpg\",\"contentUrl\":\"https:\/\/lamehetrais.fr\/wp-content\/uploads\/2024\/02\/5321016208810689731.jpg\",\"width\":1280,\"height\":960,\"caption\":\"La M\u00e9h\u00e9trais\"},\"image\":{\"@id\":\"https:\/\/lamehetrais.fr\/#\/schema\/logo\/image\/\"}}]}<\/script>\n<!-- \/ Yoast SEO plugin. -->","yoast_head_json":{"title":"Domaine de la M\u00e9h\u00e9trais - La M\u00e9h\u00e9trais","robots":{"index":"index","follow":"follow","max-snippet":"max-snippet:-1","max-image-preview":"max-image-preview:large","max-video-preview":"max-video-preview:-1"},"canonical":"https:\/\/lamehetrais.fr\/","og_locale":"en_US","og_type":"article","og_title":"Domaine de la M\u00e9h\u00e9trais - La M\u00e9h\u00e9trais","og_description":"Chambres et G\u00eete Pour toute r\u00e9servation, n&#8217;h\u00e9sitez pas \u00e0 me contacter via le site, ou par t\u00e9l\u00e9phone au 06.22.03.63.01. Je [&hellip;]","og_url":"https:\/\/lamehetrais.fr\/","og_site_name":"La M\u00e9h\u00e9trais","article_modified_time":"2024-11-15T14:40:24+00:00","og_image":[{"url":"http:\/\/lamehetrais.fr\/wp-content\/uploads\/2024\/02\/5321016208810689731-1024x768.jpg"}],"twitter_card":"summary_large_image","twitter_misc":{"Est. reading time":"3 minutes"},"schema":{"@context":"https:\/\/schema.org","@graph":[{"@type":"WebPage","@id":"https:\/\/lamehetrais.fr\/","url":"https:\/\/lamehetrais.fr\/","name":"Domaine de la M\u00e9h\u00e9trais - La M\u00e9h\u00e9trais","isPartOf":{"@id":"https:\/\/lamehetrais.fr\/#website"},"datePublished":"2024-02-14T17:52:58+00:00","dateModified":"2024-11-15T14:40:24+00:00","breadcrumb":{"@id":"https:\/\/lamehetrais.fr\/#breadcrumb"},"inLanguage":"en-US","potentialAction":[{"@type":"ReadAction","target":["https:\/\/lamehetrais.fr\/"]}]},{"@type":"BreadcrumbList","@id":"https:\/\/lamehetrais.fr\/#breadcrumb","itemListElement":[{"@type":"ListItem","position":1,"name":"Accueil","item":"https:\/\/lamehetrais.fr\/"},{"@type":"ListItem","position":2,"name":"Domaine de la M\u00e9h\u00e9trais"}]},{"@type":"WebSite","@id":"https:\/\/lamehetrais.fr\/#website","url":"https:\/\/lamehetrais.fr\/","name":"La M\u00e9h\u00e9trais","description":"","publisher":{"@id":"https:\/\/lamehetrais.fr\/#organization"},"potentialAction":[{"@type":"SearchAction","target":{"@type":"EntryPoint","urlTemplate":"https:\/\/lamehetrais.fr\/?s={search_term_string}"},"query-input":"required name=search_term_string"}],"inLanguage":"en-US"},{"@type":"Organization","@id":"https:\/\/lamehetrais.fr\/#organization","name":"La M\u00e9h\u00e9trais","url":"https:\/\/lamehetrais.fr\/","logo":{"@type":"ImageObject","inLanguage":"en-US","@id":"https:\/\/lamehetrais.fr\/#\/schema\/logo\/image\/","url":"https:\/\/lamehetrais.fr\/wp-content\/uploads\/2024\/02\/5321016208810689731.jpg","contentUrl":"https:\/\/lamehetrais.fr\/wp-content\/uploads\/2024\/02\/5321016208810689731.jpg","width":1280,"height":960,"caption":"La M\u00e9h\u00e9trais"},"image":{"@id":"https:\/\/lamehetrais.fr\/#\/schema\/logo\/image\/"}}]}},"_links":{"self":[{"href":"https:\/\/lamehetrais.fr\/index.php\/wp-json\/wp\/v2\/pages\/31","targetHints":{"allow":["GET"]}}],"collection":[{"href":"https:\/\/lamehetrais.fr\/index.php\/wp-json\/wp\/v2\/pages"}],"about":[{"href":"https:\/\/lamehetrais.fr\/index.php\/wp-json\/wp\/v2\/types\/page"}],"author":[{"embeddable":true,"href":"https:\/\/lamehetrais.fr\/index.php\/wp-json\/wp\/v2\/users\/1"}],"replies":[{"embeddable":true,"href":"https:\/\/lamehetrais.fr\/index.php\/wp-json\/wp\/v2\/comments?post=31"}],"version-history":[{"count":29,"href":"https:\/\/lamehetrais.fr\/index.php\/wp-json\/wp\/v2\/pages\/31\/revisions"}],"predecessor-version":[{"id":350,"href":"https:\/\/lamehetrais.fr\/index.php\/wp-json\/wp\/v2\/pages\/31\/revisions\/350"}],"wp:attachment":[{"href":"https:\/\/lamehetrais.fr\/index.php\/wp-json\/wp\/v2\/media?parent=31"}],"curies":[{"name":"wp","href":"https:\/\/api.w.org\/{rel}","templated":true}]}}